{"id":996,"date":"2019-06-19T10:12:08","date_gmt":"2019-06-19T08:12:08","guid":{"rendered":"http:\/\/hypnolympe.com\/?page_id=996"},"modified":"2024-09-26T17:45:45","modified_gmt":"2024-09-26T15:45:45","slug":"linfertilite","status":"publish","type":"page","link":"https:\/\/monadezen.com\/index.php\/linfertilite\/","title":{"rendered":"Accompagnement infertilit\u00e9"},"content":{"rendered":"\t\t<div data-elementor-type=\"wp-post\" data-elementor-id=\"996\" class=\"elementor elementor-996\">\n\t\t\t\t\t\t<section class=\"elementor-section elementor-top-section elementor-element elementor-element-b99c6e4 elementor-section-height-min-height elementor-section-content-middle elementor-section-boxed elementor-section-height-default elementor-section-items-middle\" data-id=\"b99c6e4\" data-element_type=\"section\" data-settings=\"{&quot;background_background&quot;:&quot;classic&quot;}\">\n\t\t\t\t\t\t\t<div class=\"elementor-background-overlay\"><\/div>\n\t\t\t\t\t\t\t<div class=\"elementor-container elementor-column-gap-default\">\n\t\t\t\t\t<div class=\"elementor-column elementor-col-100 elementor-top-column elementor-element elementor-element-3858661\" data-id=\"3858661\" data-element_type=\"column\">\n\t\t\t<div class=\"elementor-widget-wrap elementor-element-populated\">\n\t\t\t\t\t\t<div class=\"elementor-element elementor-element-9f74f44 elementor-widget elementor-widget-heading\" data-id=\"9f74f44\" data-element_type=\"widget\" data-widget_type=\"heading.default\">\n\t\t\t\t<div class=\"elementor-widget-container\">\n\t\t\t\t\t<h4 class=\"elementor-heading-title elementor-size-default\">HypnOlympe, accompagne l'infertilit\u00e9<\/h4>\t\t\t\t<\/div>\n\t\t\t\t<\/div>\n\t\t\t\t<div class=\"elementor-element elementor-element-146972d elementor-widget elementor-widget-spacer\" data-id=\"146972d\" data-element_type=\"widget\" data-widget_type=\"spacer.default\">\n\t\t\t\t<div class=\"elementor-widget-container\">\n\t\t\t\t\t\t\t<div class=\"elementor-spacer\">\n\t\t\t<div class=\"elementor-spacer-inner\"><\/div>\n\t\t<\/div>\n\t\t\t\t\t\t<\/div>\n\t\t\t\t<\/div>\n\t\t\t\t<div class=\"elementor-element elementor-element-a11665f elementor-widget elementor-widget-heading\" data-id=\"a11665f\" data-element_type=\"widget\" data-widget_type=\"heading.default\">\n\t\t\t\t<div class=\"elementor-widget-container\">\n\t\t\t\t\t<h2 class=\"elementor-heading-title elementor-size-default\">L'\u00e9quilibre \u00e9motionnel \u00e0 port\u00e9e de tous<\/h2>\t\t\t\t<\/div>\n\t\t\t\t<\/div>\n\t\t\t\t\t<\/div>\n\t\t<\/div>\n\t\t\t\t\t<\/div>\n\t\t<\/section>\n\t\t\t\t<section class=\"elementor-section elementor-top-section elementor-element elementor-element-aebb7f3 elementor-section-boxed elementor-section-height-default elementor-section-height-default\" data-id=\"aebb7f3\" data-element_type=\"section\">\n\t\t\t\t\t\t<div class=\"elementor-container elementor-column-gap-default\">\n\t\t\t\t\t<div class=\"elementor-column elementor-col-100 elementor-top-column elementor-element elementor-element-3ca2915\" data-id=\"3ca2915\" data-element_type=\"column\">\n\t\t\t<div class=\"elementor-widget-wrap elementor-element-populated\">\n\t\t\t\t\t\t<div class=\"elementor-element elementor-element-b3f42be elementor-widget elementor-widget-spacer\" data-id=\"b3f42be\" data-element_type=\"widget\" data-widget_type=\"spacer.default\">\n\t\t\t\t<div class=\"elementor-widget-container\">\n\t\t\t\t\t\t\t<div class=\"elementor-spacer\">\n\t\t\t<div class=\"elementor-spacer-inner\"><\/div>\n\t\t<\/div>\n\t\t\t\t\t\t<\/div>\n\t\t\t\t<\/div>\n\t\t\t\t<div class=\"elementor-element elementor-element-306c9c4 elementor-widget elementor-widget-heading\" data-id=\"306c9c4\" data-element_type=\"widget\" data-widget_type=\"heading.default\">\n\t\t\t\t<div class=\"elementor-widget-container\">\n\t\t\t\t\t<h2 class=\"elementor-heading-title elementor-size-default\">L'Hypnose au service de l'Infertilit\u00e9<\/h2>\t\t\t\t<\/div>\n\t\t\t\t<\/div>\n\t\t\t\t<div class=\"elementor-element elementor-element-9c214cb elementor-widget elementor-widget-spacer\" data-id=\"9c214cb\" data-element_type=\"widget\" data-widget_type=\"spacer.default\">\n\t\t\t\t<div class=\"elementor-widget-container\">\n\t\t\t\t\t\t\t<div class=\"elementor-spacer\">\n\t\t\t<div class=\"elementor-spacer-inner\"><\/div>\n\t\t<\/div>\n\t\t\t\t\t\t<\/div>\n\t\t\t\t<\/div>\n\t\t\t\t<div class=\"elementor-element elementor-element-140304b elementor-widget-divider--view-line elementor-widget elementor-widget-divider\" data-id=\"140304b\" data-element_type=\"widget\" data-widget_type=\"divider.default\">\n\t\t\t\t<div class=\"elementor-widget-container\">\n\t\t\t\t\t\t\t<div class=\"elementor-divider\">\n\t\t\t<span class=\"elementor-divider-separator\">\n\t\t\t\t\t\t<\/span>\n\t\t<\/div>\n\t\t\t\t\t\t<\/div>\n\t\t\t\t<\/div>\n\t\t\t\t<div class=\"elementor-element elementor-element-28669df3 elementor-widget elementor-widget-text-editor\" data-id=\"28669df3\" data-element_type=\"widget\" data-widget_type=\"text-editor.default\">\n\t\t\t\t<div class=\"elementor-widget-container\">\n\t\t\t\t\t\t\t\t\t<p>De plus en plus pratiqu\u00e9e \u00e0 des fins th\u00e9rapeutiques, l\u2019hypnose a \u00e9galement un vaste champ d\u2019application dans la p\u00e9rinatalit\u00e9. Elle permet d\u2019aider \u00e0 surmonter certains troubles de la fertilit\u00e9, mieux vivre un parcours d\u2019AMP, appr\u00e9hender sereinement la grossesse et l\u2019accouchement.<\/p><p>L\u2019hypnose est un outil ad\u00e9quate en cas de troubles de la fertilit\u00e9 d\u2019origine psychologique ou de fertilit\u00e9 dite \u00ab inexpliqu\u00e9e \u00bb, c&#8217;est-\u00e0-dire une fois que toutes les causes organiques ont \u00e9t\u00e9 \u00e9limin\u00e9es suite \u00e0 un bilan d&#8217;infertilit\u00e9. C&#8217;est une ressource de choix pour limiter le stress qui peut avoir un impact sur les s\u00e9cr\u00e9tions hormonales et alt\u00e9rer le cycle ovarien.<\/p><p>Par ailleurs, on sait aujourd&#8217;hui que le psychisme joue un r\u00f4le important dans la fertilit\u00e9. Certains \u00e9v\u00e8nements du pass\u00e9, voire des g\u00e9n\u00e9rations ant\u00e9rieures, certaines croyances (sur la sexualit\u00e9, sur la vision du corps de la femme, sur ce que repr\u00e9sente un enfant, etc) profond\u00e9ment ancr\u00e9s dans l\u2019inconscient peuvent constituer un obstacle pour devenir m\u00e8re en \u00ab verrouillant \u00bb la fertilit\u00e9.<\/p><p>En acc\u00e9dant \u00e0 l\u2019inconscient, l\u2019hypnose constitue, parall\u00e8lement \u00e0 une psychoth\u00e9rapie, un outil suppl\u00e9mentaire pour tenter de \u00ab d\u00e9verrouiller \u00bb ce qui bloque l\u2019acc\u00e8s \u00e0 la maternit\u00e9.<\/p>\t\t\t\t\t\t\t\t<\/div>\n\t\t\t\t<\/div>\n\t\t\t\t\t<\/div>\n\t\t<\/div>\n\t\t\t\t\t<\/div>\n\t\t<\/section>\n\t\t\t\t<section class=\"elementor-section elementor-top-section elementor-element elementor-element-2601c41 elementor-section-content-middle elementor-section-boxed elementor-section-height-default elementor-section-height-default\" data-id=\"2601c41\" data-element_type=\"section\">\n\t\t\t\t\t\t<div class=\"elementor-container elementor-column-gap-default\">\n\t\t\t\t\t<div class=\"elementor-column elementor-col-50 elementor-top-column elementor-element elementor-element-44b450d\" data-id=\"44b450d\" data-element_type=\"column\">\n\t\t\t<div class=\"elementor-widget-wrap elementor-element-populated\">\n\t\t\t\t\t\t<div class=\"elementor-element elementor-element-29c923b elementor-widget elementor-widget-heading\" data-id=\"29c923b\" data-element_type=\"widget\" data-widget_type=\"heading.default\">\n\t\t\t\t<div class=\"elementor-widget-container\">\n\t\t\t\t\t<h2 class=\"elementor-heading-title elementor-size-large\">MONADZEN<\/h2>\t\t\t\t<\/div>\n\t\t\t\t<\/div>\n\t\t\t\t<div class=\"elementor-element elementor-element-543f490 elementor-widget-divider--view-line elementor-widget elementor-widget-divider\" data-id=\"543f490\" data-element_type=\"widget\" data-widget_type=\"divider.default\">\n\t\t\t\t<div class=\"elementor-widget-container\">\n\t\t\t\t\t\t\t<div class=\"elementor-divider\">\n\t\t\t<span class=\"elementor-divider-separator\">\n\t\t\t\t\t\t<\/span>\n\t\t<\/div>\n\t\t\t\t\t\t<\/div>\n\t\t\t\t<\/div>\n\t\t\t\t<div class=\"elementor-element elementor-element-4b63056 elementor-icon-list--layout-traditional elementor-list-item-link-full_width elementor-widget elementor-widget-icon-list\" data-id=\"4b63056\" data-element_type=\"widget\" data-widget_type=\"icon-list.default\">\n\t\t\t\t<div class=\"elementor-widget-container\">\n\t\t\t\t\t\t\t<ul class=\"elementor-icon-list-items\">\n\t\t\t\t\t\t\t<li class=\"elementor-icon-list-item\">\n\t\t\t\t\t\t\t\t\t\t\t<span class=\"elementor-icon-list-icon\">\n\t\t\t\t\t\t\t<svg aria-hidden=\"true\" class=\"e-font-icon-svg e-fas-map-marker-alt\" viewBox=\"0 0 384 512\" xmlns=\"http:\/\/www.w3.org\/2000\/svg\"><path d=\"M172.268 501.67C26.97 291.031 0 269.413 0 192 0 85.961 85.961 0 192 0s192 85.961 192 192c0 77.413-26.97 99.031-172.268 309.67-9.535 13.774-29.93 13.773-39.464 0zM192 272c44.183 0 80-35.817 80-80s-35.817-80-80-80-80 35.817-80 80 35.817 80 80 80z\"><\/path><\/svg>\t\t\t\t\t\t<\/span>\n\t\t\t\t\t\t\t\t\t\t<span class=\"elementor-icon-list-text\">5 All\u00e9e Jean Assolant 94320 Thiais<\/span>\n\t\t\t\t\t\t\t\t\t<\/li>\n\t\t\t\t\t\t\t\t<li class=\"elementor-icon-list-item\">\n\t\t\t\t\t\t\t\t\t\t\t<span class=\"elementor-icon-list-icon\">\n\t\t\t\t\t\t\t<svg aria-hidden=\"true\" class=\"e-font-icon-svg e-fas-envelope-square\" viewBox=\"0 0 448 512\" xmlns=\"http:\/\/www.w3.org\/2000\/svg\"><path d=\"M400 32H48C21.49 32 0 53.49 0 80v352c0 26.51 21.49 48 48 48h352c26.51 0 48-21.49 48-48V80c0-26.51-21.49-48-48-48zM178.117 262.104C87.429 196.287 88.353 196.121 64 177.167V152c0-13.255 10.745-24 24-24h272c13.255 0 24 10.745 24 24v25.167c-24.371 18.969-23.434 19.124-114.117 84.938-10.5 7.655-31.392 26.12-45.883 25.894-14.503.218-35.367-18.227-45.883-25.895zM384 217.775V360c0 13.255-10.745 24-24 24H88c-13.255 0-24-10.745-24-24V217.775c13.958 10.794 33.329 25.236 95.303 70.214 14.162 10.341 37.975 32.145 64.694 32.01 26.887.134 51.037-22.041 64.72-32.025 61.958-44.965 81.325-59.406 95.283-70.199z\"><\/path><\/svg>\t\t\t\t\t\t<\/span>\n\t\t\t\t\t\t\t\t\t\t<span class=\"elementor-icon-list-text\">nathalie.barbier@hypnolympe.com<\/span>\n\t\t\t\t\t\t\t\t\t<\/li>\n\t\t\t\t\t\t\t\t<li class=\"elementor-icon-list-item\">\n\t\t\t\t\t\t\t\t\t\t\t<span class=\"elementor-icon-list-icon\">\n\t\t\t\t\t\t\t<svg aria-hidden=\"true\" class=\"e-font-icon-svg e-fas-phone-square\" viewBox=\"0 0 448 512\" xmlns=\"http:\/\/www.w3.org\/2000\/svg\"><path d=\"M400 32H48C21.49 32 0 53.49 0 80v352c0 26.51 21.49 48 48 48h352c26.51 0 48-21.49 48-48V80c0-26.51-21.49-48-48-48zM94 416c-7.033 0-13.057-4.873-14.616-11.627l-14.998-65a15 15 0 0 1 8.707-17.16l69.998-29.999a15 15 0 0 1 17.518 4.289l30.997 37.885c48.944-22.963 88.297-62.858 110.781-110.78l-37.886-30.997a15.001 15.001 0 0 1-4.289-17.518l30-69.998a15 15 0 0 1 17.16-8.707l65 14.998A14.997 14.997 0 0 1 384 126c0 160.292-129.945 290-290 290z\"><\/path><\/svg>\t\t\t\t\t\t<\/span>\n\t\t\t\t\t\t\t\t\t\t<span class=\"elementor-icon-list-text\">06 45 45 50 16<\/span>\n\t\t\t\t\t\t\t\t\t<\/li>\n\t\t\t\t\t\t<\/ul>\n\t\t\t\t\t\t<\/div>\n\t\t\t\t<\/div>\n\t\t\t\t\t<\/div>\n\t\t<\/div>\n\t\t\t\t<div class=\"elementor-column elementor-col-50 elementor-top-column elementor-element elementor-element-e0ec0ac\" data-id=\"e0ec0ac\" data-element_type=\"column\">\n\t\t\t<div class=\"elementor-widget-wrap elementor-element-populated\">\n\t\t\t\t\t\t<div class=\"elementor-element elementor-element-61dd27b elementor-widget elementor-widget-google_maps\" data-id=\"61dd27b\" data-element_type=\"widget\" data-widget_type=\"google_maps.default\">\n\t\t\t\t<div class=\"elementor-widget-container\">\n\t\t\t\t\t\t\t<div class=\"elementor-custom-embed\">\n\t\t\t<iframe loading=\"lazy\"\n\t\t\t\t\tsrc=\"https:\/\/maps.google.com\/maps?q=5%20All%C3%A9e%20Jean%20Assolant%2094320&#038;t=m&#038;z=12&#038;output=embed&#038;iwloc=near\"\n\t\t\t\t\ttitle=\"5 All\u00e9e Jean Assolant 94320\"\n\t\t\t\t\taria-label=\"5 All\u00e9e Jean Assolant 94320\"\n\t\t\t><\/iframe>\n\t\t<\/div>\n\t\t\t\t\t\t<\/div>\n\t\t\t\t<\/div>\n\t\t\t\t\t<\/div>\n\t\t<\/div>\n\t\t\t\t\t<\/div>\n\t\t<\/section>\n\t\t\t\t<section class=\"elementor-section elementor-top-section elementor-element elementor-element-dc3a409 elementor-section-boxed elementor-section-height-default elementor-section-height-default\" data-id=\"dc3a409\" data-element_type=\"section\">\n\t\t\t\t\t\t<div class=\"elementor-container elementor-column-gap-default\">\n\t\t\t\t\t<div class=\"elementor-column elementor-col-100 elementor-top-column elementor-element elementor-element-55228d4\" data-id=\"55228d4\" data-element_type=\"column\">\n\t\t\t<div class=\"elementor-widget-wrap elementor-element-populated\">\n\t\t\t\t\t\t<div class=\"elementor-element elementor-element-658b72e elementor-widget elementor-widget-text-editor\" data-id=\"658b72e\" data-element_type=\"widget\" data-widget_type=\"text-editor.default\">\n\t\t\t\t<div class=\"elementor-widget-container\">\n\t\t\t\t\t\t\t\t\t<p>Image Sources: Nathalie BARBIER<\/p>\t\t\t\t\t\t\t\t<\/div>\n\t\t\t\t<\/div>\n\t\t\t\t\t<\/div>\n\t\t<\/div>\n\t\t\t\t\t<\/div>\n\t\t<\/section>\n\t\t\t\t<\/div>\n\t\t","protected":false},"excerpt":{"rendered":"<p>HypnOlympe, accompagne l&#8217;infertilit\u00e9 L&#8217;\u00e9quilibre \u00e9motionnel \u00e0 port\u00e9e de tous L&#8217;Hypnose au service de l&#8217;Infertilit\u00e9 De plus en plus pratiqu\u00e9e \u00e0 des fins th\u00e9rapeutiques, l\u2019hypnose a \u00e9galement un vaste champ d\u2019application&#8230;<\/p>\n","protected":false},"author":2,"featured_media":1396,"parent":0,"menu_order":0,"comment_status":"closed","ping_status":"closed","template":"","meta":{"_price":"","_stock":"","_tribe_ticket_header":"","_tribe_default_ticket_provider":"","_tribe_ticket_capacity":"0","_ticket_start_date":"","_ticket_end_date":"","_tribe_ticket_show_description":"","_tribe_ticket_show_not_going":false,"_tribe_ticket_use_global_stock":"","_tribe_ticket_global_stock_level":"","_global_stock_mode":"","_global_stock_cap":"","_tribe_rsvp_for_event":"","_tribe_ticket_going_count":"","_tribe_ticket_not_going_count":"","_tribe_tickets_list":"[]","_tribe_ticket_has_attendee_info_fields":false,"_EventAllDay":false,"_EventTimezone":"","_EventStartDate":"","_EventEndDate":"","_EventStartDateUTC":"","_EventEndDateUTC":"","_EventShowMap":false,"_EventShowMapLink":false,"_EventURL":"","_EventCost":"","_EventCostDescription":"","_EventCurrencySymbol":"","_EventCurrencyCode":"","_EventCurrencyPosition":"","_EventDateTimeSeparator":"","_EventTimeRangeSeparator":"","_EventOrganizerID":[],"_EventVenueID":[],"_OrganizerEmail":"","_OrganizerPhone":"","_OrganizerWebsite":"","_VenueAddress":"","_VenueCity":"","_VenueCountry":"","_VenueProvince":"","_VenueState":"","_VenueZip":"","_VenuePhone":"","_VenueURL":"","_VenueStateProvince":"","_VenueLat":"","_VenueLng":"","_VenueShowMap":false,"_VenueShowMapLink":false,"_kad_post_transparent":"","_kad_post_title":"","_kad_post_layout":"","_kad_post_sidebar_id":"","_kad_post_content_style":"","_kad_post_vertical_padding":"","_kad_post_feature":"","_kad_post_feature_position":"","_kad_post_header":false,"_kad_post_footer":false,"footnotes":"","_tec_slr_enabled":"","_tec_slr_layout":""},"class_list":["post-996","page","type-page","status-publish","has-post-thumbnail","hentry"],"yoast_head":"<!-- This site is optimized with the Yoast SEO plugin v26.5 - https:\/\/yoast.com\/wordpress\/plugins\/seo\/ -->\n<title>Accompagnement infertilit\u00e9 - MONADEZEN\u00ae %<\/title>\n<meta name=\"robots\" content=\"noindex, follow, max-snippet:-1, max-image-preview:large, max-video-preview:-1\" \/>\n<meta property=\"og:locale\" content=\"fr_FR\" \/>\n<meta property=\"og:type\" content=\"article\" \/>\n<meta property=\"og:title\" content=\"Accompagnement infertilit\u00e9 - MONADEZEN\u00ae %\" \/>\n<meta property=\"og:description\" content=\"HypnOlympe, accompagne l&#8217;infertilit\u00e9 L&#8217;\u00e9quilibre \u00e9motionnel \u00e0 port\u00e9e de tous L&#8217;Hypnose au service de l&#8217;Infertilit\u00e9 De plus en plus pratiqu\u00e9e \u00e0 des fins th\u00e9rapeutiques, l\u2019hypnose a \u00e9galement un vaste champ d\u2019application...\" \/>\n<meta property=\"og:url\" content=\"https:\/\/monadezen.com\/index.php\/linfertilite\/\" \/>\n<meta property=\"og:site_name\" content=\"MONADEZEN\u00ae\" \/>\n<meta property=\"article:modified_time\" content=\"2024-09-26T15:45:45+00:00\" \/>\n<meta property=\"og:image\" content=\"https:\/\/monadezen.com\/wp-content\/uploads\/2019\/07\/LogoV2-4-1-1.png\" \/>\n\t<meta property=\"og:image:width\" content=\"1200\" \/>\n\t<meta property=\"og:image:height\" content=\"889\" \/>\n\t<meta property=\"og:image:type\" content=\"image\/png\" \/>\n<meta name=\"twitter:card\" content=\"summary_large_image\" \/>\n<meta name=\"twitter:label1\" content=\"Dur\u00e9e de lecture estim\u00e9e\" \/>\n\t<meta name=\"twitter:data1\" content=\"1 minute\" \/>\n<script type=\"application\/ld+json\" class=\"yoast-schema-graph\">{\"@context\":\"https:\/\/schema.org\",\"@graph\":[{\"@type\":\"WebPage\",\"@id\":\"https:\/\/monadezen.com\/index.php\/linfertilite\/\",\"url\":\"https:\/\/monadezen.com\/index.php\/linfertilite\/\",\"name\":\"Accompagnement infertilit\u00e9 - MONADEZEN\u00ae %\",\"isPartOf\":{\"@id\":\"https:\/\/monadezen.com\/#website\"},\"primaryImageOfPage\":{\"@id\":\"https:\/\/monadezen.com\/index.php\/linfertilite\/#primaryimage\"},\"image\":{\"@id\":\"https:\/\/monadezen.com\/index.php\/linfertilite\/#primaryimage\"},\"thumbnailUrl\":\"https:\/\/monadezen.com\/wp-content\/uploads\/2019\/07\/LogoV2-4-1-1.png\",\"datePublished\":\"2019-06-19T08:12:08+00:00\",\"dateModified\":\"2024-09-26T15:45:45+00:00\",\"breadcrumb\":{\"@id\":\"https:\/\/monadezen.com\/index.php\/linfertilite\/#breadcrumb\"},\"inLanguage\":\"fr-FR\",\"potentialAction\":[{\"@type\":\"ReadAction\",\"target\":[\"https:\/\/monadezen.com\/index.php\/linfertilite\/\"]}]},{\"@type\":\"ImageObject\",\"inLanguage\":\"fr-FR\",\"@id\":\"https:\/\/monadezen.com\/index.php\/linfertilite\/#primaryimage\",\"url\":\"https:\/\/monadezen.com\/wp-content\/uploads\/2019\/07\/LogoV2-4-1-1.png\",\"contentUrl\":\"https:\/\/monadezen.com\/wp-content\/uploads\/2019\/07\/LogoV2-4-1-1.png\",\"width\":1200,\"height\":889},{\"@type\":\"BreadcrumbList\",\"@id\":\"https:\/\/monadezen.com\/index.php\/linfertilite\/#breadcrumb\",\"itemListElement\":[{\"@type\":\"ListItem\",\"position\":1,\"name\":\"Accueil\",\"item\":\"https:\/\/monadezen.com\/\"},{\"@type\":\"ListItem\",\"position\":2,\"name\":\"Accompagnement infertilit\u00e9\"}]},{\"@type\":\"WebSite\",\"@id\":\"https:\/\/monadezen.com\/#website\",\"url\":\"https:\/\/monadezen.com\/\",\"name\":\"MONADEZEN\",\"description\":\"Chaque foul\u00e9e lib\u00e8re votre ADN, Chaque victoire c\u00e9l\u00e8bre votre \u00e9panouissement\",\"publisher\":{\"@id\":\"https:\/\/monadezen.com\/#\/schema\/person\/d4c0d0f9b390e2001dc2f2e8e2d2bbba\"},\"potentialAction\":[{\"@type\":\"SearchAction\",\"target\":{\"@type\":\"EntryPoint\",\"urlTemplate\":\"https:\/\/monadezen.com\/?s={search_term_string}\"},\"query-input\":{\"@type\":\"PropertyValueSpecification\",\"valueRequired\":true,\"valueName\":\"search_term_string\"}}],\"inLanguage\":\"fr-FR\"},{\"@type\":[\"Person\",\"Organization\"],\"@id\":\"https:\/\/monadezen.com\/#\/schema\/person\/d4c0d0f9b390e2001dc2f2e8e2d2bbba\",\"name\":\"Nathalie monadezen\",\"image\":{\"@type\":\"ImageObject\",\"inLanguage\":\"fr-FR\",\"@id\":\"https:\/\/monadezen.com\/#\/schema\/person\/image\/\",\"url\":\"https:\/\/monadezen.com\/wp-content\/uploads\/2025\/12\/cropped-Logo-MONADEZEN-3b-Logo-Nom-Tagline.png\",\"contentUrl\":\"https:\/\/monadezen.com\/wp-content\/uploads\/2025\/12\/cropped-Logo-MONADEZEN-3b-Logo-Nom-Tagline.png\",\"width\":500,\"height\":476,\"caption\":\"Nathalie monadezen\"},\"logo\":{\"@id\":\"https:\/\/monadezen.com\/#\/schema\/person\/image\/\"},\"sameAs\":[\"https:\/\/monadezen.com\/\"]}]}<\/script>\n<!-- \/ Yoast SEO plugin. -->","yoast_head_json":{"title":"Accompagnement infertilit\u00e9 - MONADEZEN\u00ae %","robots":{"index":"noindex","follow":"follow","max-snippet":"max-snippet:-1","max-image-preview":"max-image-preview:large","max-video-preview":"max-video-preview:-1"},"og_locale":"fr_FR","og_type":"article","og_title":"Accompagnement infertilit\u00e9 - MONADEZEN\u00ae %","og_description":"HypnOlympe, accompagne l&#8217;infertilit\u00e9 L&#8217;\u00e9quilibre \u00e9motionnel \u00e0 port\u00e9e de tous L&#8217;Hypnose au service de l&#8217;Infertilit\u00e9 De plus en plus pratiqu\u00e9e \u00e0 des fins th\u00e9rapeutiques, l\u2019hypnose a \u00e9galement un vaste champ d\u2019application...","og_url":"https:\/\/monadezen.com\/index.php\/linfertilite\/","og_site_name":"MONADEZEN\u00ae","article_modified_time":"2024-09-26T15:45:45+00:00","og_image":[{"width":1200,"height":889,"url":"https:\/\/monadezen.com\/wp-content\/uploads\/2019\/07\/LogoV2-4-1-1.png","type":"image\/png"}],"twitter_card":"summary_large_image","twitter_misc":{"Dur\u00e9e de lecture estim\u00e9e":"1 minute"},"schema":{"@context":"https:\/\/schema.org","@graph":[{"@type":"WebPage","@id":"https:\/\/monadezen.com\/index.php\/linfertilite\/","url":"https:\/\/monadezen.com\/index.php\/linfertilite\/","name":"Accompagnement infertilit\u00e9 - MONADEZEN\u00ae %","isPartOf":{"@id":"https:\/\/monadezen.com\/#website"},"primaryImageOfPage":{"@id":"https:\/\/monadezen.com\/index.php\/linfertilite\/#primaryimage"},"image":{"@id":"https:\/\/monadezen.com\/index.php\/linfertilite\/#primaryimage"},"thumbnailUrl":"https:\/\/monadezen.com\/wp-content\/uploads\/2019\/07\/LogoV2-4-1-1.png","datePublished":"2019-06-19T08:12:08+00:00","dateModified":"2024-09-26T15:45:45+00:00","breadcrumb":{"@id":"https:\/\/monadezen.com\/index.php\/linfertilite\/#breadcrumb"},"inLanguage":"fr-FR","potentialAction":[{"@type":"ReadAction","target":["https:\/\/monadezen.com\/index.php\/linfertilite\/"]}]},{"@type":"ImageObject","inLanguage":"fr-FR","@id":"https:\/\/monadezen.com\/index.php\/linfertilite\/#primaryimage","url":"https:\/\/monadezen.com\/wp-content\/uploads\/2019\/07\/LogoV2-4-1-1.png","contentUrl":"https:\/\/monadezen.com\/wp-content\/uploads\/2019\/07\/LogoV2-4-1-1.png","width":1200,"height":889},{"@type":"BreadcrumbList","@id":"https:\/\/monadezen.com\/index.php\/linfertilite\/#breadcrumb","itemListElement":[{"@type":"ListItem","position":1,"name":"Accueil","item":"https:\/\/monadezen.com\/"},{"@type":"ListItem","position":2,"name":"Accompagnement infertilit\u00e9"}]},{"@type":"WebSite","@id":"https:\/\/monadezen.com\/#website","url":"https:\/\/monadezen.com\/","name":"MONADEZEN","description":"Chaque foul\u00e9e lib\u00e8re votre ADN, Chaque victoire c\u00e9l\u00e8bre votre \u00e9panouissement","publisher":{"@id":"https:\/\/monadezen.com\/#\/schema\/person\/d4c0d0f9b390e2001dc2f2e8e2d2bbba"},"potentialAction":[{"@type":"SearchAction","target":{"@type":"EntryPoint","urlTemplate":"https:\/\/monadezen.com\/?s={search_term_string}"},"query-input":{"@type":"PropertyValueSpecification","valueRequired":true,"valueName":"search_term_string"}}],"inLanguage":"fr-FR"},{"@type":["Person","Organization"],"@id":"https:\/\/monadezen.com\/#\/schema\/person\/d4c0d0f9b390e2001dc2f2e8e2d2bbba","name":"Nathalie monadezen","image":{"@type":"ImageObject","inLanguage":"fr-FR","@id":"https:\/\/monadezen.com\/#\/schema\/person\/image\/","url":"https:\/\/monadezen.com\/wp-content\/uploads\/2025\/12\/cropped-Logo-MONADEZEN-3b-Logo-Nom-Tagline.png","contentUrl":"https:\/\/monadezen.com\/wp-content\/uploads\/2025\/12\/cropped-Logo-MONADEZEN-3b-Logo-Nom-Tagline.png","width":500,"height":476,"caption":"Nathalie monadezen"},"logo":{"@id":"https:\/\/monadezen.com\/#\/schema\/person\/image\/"},"sameAs":["https:\/\/monadezen.com\/"]}]}},"ticketed":false,"_links":{"self":[{"href":"https:\/\/monadezen.com\/index.php\/wp-json\/wp\/v2\/pages\/996","targetHints":{"allow":["GET"]}}],"collection":[{"href":"https:\/\/monadezen.com\/index.php\/wp-json\/wp\/v2\/pages"}],"about":[{"href":"https:\/\/monadezen.com\/index.php\/wp-json\/wp\/v2\/types\/page"}],"author":[{"embeddable":true,"href":"https:\/\/monadezen.com\/index.php\/wp-json\/wp\/v2\/users\/2"}],"replies":[{"embeddable":true,"href":"https:\/\/monadezen.com\/index.php\/wp-json\/wp\/v2\/comments?post=996"}],"version-history":[{"count":0,"href":"https:\/\/monadezen.com\/index.php\/wp-json\/wp\/v2\/pages\/996\/revisions"}],"wp:featuredmedia":[{"embeddable":true,"href":"https:\/\/monadezen.com\/index.php\/wp-json\/wp\/v2\/media\/1396"}],"wp:attachment":[{"href":"https:\/\/monadezen.com\/index.php\/wp-json\/wp\/v2\/media?parent=996"}],"curies":[{"name":"wp","href":"https:\/\/api.w.org\/{rel}","templated":true}]}}