{"id":547,"date":"2019-06-14T08:36:56","date_gmt":"2019-06-14T06:36:56","guid":{"rendered":"http:\/\/hypnolympe.com\/?page_id=547"},"modified":"2019-06-14T08:36:56","modified_gmt":"2019-06-14T06:36:56","slug":"lhypnose-un-etat-connu-par-tous","status":"publish","type":"page","link":"https:\/\/monadezen.com\/index.php\/lhypnose-un-etat-connu-par-tous\/","title":{"rendered":"L&#8217;HYPNOSE, UN ETAT NATUREL"},"content":{"rendered":"\n<blockquote class=\"wp-block-quote is-layout-flow wp-block-quote-is-layout-flow\"><p><strong>Nous vivons TOUS des \u00e9tats hypnotiques au quotidien, naturels et spontan\u00e9s.<\/strong><\/p><\/blockquote>\n\n\n\n<p>Vous \u00eates vous d\u00e9j\u00e0 demand\u00e9 ce qui se passait au niveau de votre cerveau et votre corps avant de <strong>rejoindre Morph\u00e9e<\/strong>?<\/p>\n\n\n\n<p>Quel est <strong>le livre ou le film<\/strong>  qui vous a embarqu\u00e9 tellement loin que vous avez ressenti un climat  particulier, une sensation d\u2019acc\u00e9l\u00e9ration, de vertige, de plong\u00e9e, de  ralentissement, d\u2019\u00e9tranget\u00e9\u2026, une \u00e9motion puissante, une impression  d\u2019immensit\u00e9, une connexion avec le monde, comme avec davantage de  clart\u00e9&nbsp;?<\/p>\n\n\n\n<p>Avez-vous d\u00e9j\u00e0 <strong>pass\u00e9 en revue une conversation<\/strong>, un souvenir ou un fantasme avec tellement de concentration que vous avez alors eu l\u2019impression de le vivre&nbsp;?<\/p>\n\n\n\n<p>Avec quel degr\u00e9 de surprise avez-vous r\u00e9alis\u00e9 que vous \u00e9tiez dans un endroit et dans une position que vous aviez oubli\u00e9s <strong>en focalisant toute votre attention<\/strong>\n sur une t\u00e2che manuelle ou intellectuelle extr\u00eamement pr\u00e9cise, jusqu\u2019\u00e0 \nce qu\u2019une personne vous adresse la parole ou qu\u2019un bruit soudain vous \n\u00ab&nbsp;ram\u00e8ne&nbsp;\u00bb?<\/p>\n\n\n\n<p>Quand est-ce la derni\u00e8re fois que vous avez <strong>march\u00e9 ou roul\u00e9 jusqu\u2019\u00e0 votre destination<\/strong>, sans aucune id\u00e9e du chemin parcouru pendant que vous \u00e9tiez psychiquement ailleurs que sur la route&nbsp;?<\/p>\n\n\n\n<p>Quel a \u00e9t\u00e9 votre dernier voyage o\u00f9 vous avez eu le sentiment que le temps \u00e9tait <strong>suspendu<\/strong> ?<\/p>\n\n\n\n<p>Vous voyez, chacun a pu faire l\u2019exp\u00e9rience d\u2019un \u00e9tat de conscience modifi\u00e9e qui se trouve entre la veille et le sommeil.<\/p>\n\n\n\n<blockquote class=\"wp-block-quote is-layout-flow wp-block-quote-is-layout-flow\"><p>Se mettre en \u00e9tat d\u2019hypnose, ou faire de l\u2019hypnose avec un praticien, c\u2019est simplement <strong>reproduire intentionnellement cet \u00e9tat de conscience<\/strong> avec un objectif d\u00e9fini.<\/p><\/blockquote>\n\n\n\n<figure class=\"wp-block-image\"><img fetchpriority=\"high\" decoding=\"async\" width=\"1024\" height=\"768\" src=\"http:\/\/hypnolympe.com\/wp-content\/uploads\/2019\/06\/2011-09-06_IMG_1785-1-1024x768.jpg\" alt=\"\" class=\"wp-image-554\" srcset=\"https:\/\/monadezen.com\/wp-content\/uploads\/2019\/06\/2011-09-06_IMG_1785-1-1024x768.jpg 1024w, https:\/\/monadezen.com\/wp-content\/uploads\/2019\/06\/2011-09-06_IMG_1785-1-300x225.jpg 300w, https:\/\/monadezen.com\/wp-content\/uploads\/2019\/06\/2011-09-06_IMG_1785-1-768x576.jpg 768w, https:\/\/monadezen.com\/wp-content\/uploads\/2019\/06\/2011-09-06_IMG_1785-1-1536x1152.jpg 1536w, https:\/\/monadezen.com\/wp-content\/uploads\/2019\/06\/2011-09-06_IMG_1785-1-600x450.jpg 600w, https:\/\/monadezen.com\/wp-content\/uploads\/2019\/06\/2011-09-06_IMG_1785-1.jpg 2048w\" sizes=\"(max-width: 1024px) 100vw, 1024px\" \/><\/figure>\n","protected":false},"excerpt":{"rendered":"<p>Nous vivons TOUS des \u00e9tats hypnotiques au quotidien, naturels et spontan\u00e9s. Vous \u00eates vous d\u00e9j\u00e0 demand\u00e9 ce qui se passait au niveau de votre cerveau et votre corps avant de&#8230;<\/p>\n","protected":false},"author":2,"featured_media":0,"parent":0,"menu_order":0,"comment_status":"closed","ping_status":"closed","template":"","meta":{"_price":"","_stock":"","_tribe_ticket_header":"","_tribe_default_ticket_provider":"","_tribe_ticket_capacity":"0","_ticket_start_date":"","_ticket_end_date":"","_tribe_ticket_show_description":"","_tribe_ticket_show_not_going":false,"_tribe_ticket_use_global_stock":"","_tribe_ticket_global_stock_level":"","_global_stock_mode":"","_global_stock_cap":"","_tribe_rsvp_for_event":"","_tribe_ticket_going_count":"","_tribe_ticket_not_going_count":"","_tribe_tickets_list":"[]","_tribe_ticket_has_attendee_info_fields":false,"_EventAllDay":false,"_EventTimezone":"","_EventStartDate":"","_EventEndDate":"","_EventStartDateUTC":"","_EventEndDateUTC":"","_EventShowMap":false,"_EventShowMapLink":false,"_EventURL":"","_EventCost":"","_EventCostDescription":"","_EventCurrencySymbol":"","_EventCurrencyCode":"","_EventCurrencyPosition":"","_EventDateTimeSeparator":"","_EventTimeRangeSeparator":"","_EventOrganizerID":[],"_EventVenueID":[],"_OrganizerEmail":"","_OrganizerPhone":"","_OrganizerWebsite":"","_VenueAddress":"","_VenueCity":"","_VenueCountry":"","_VenueProvince":"","_VenueState":"","_VenueZip":"","_VenuePhone":"","_VenueURL":"","_VenueStateProvince":"","_VenueLat":"","_VenueLng":"","_VenueShowMap":false,"_VenueShowMapLink":false,"_kad_post_transparent":"","_kad_post_title":"","_kad_post_layout":"","_kad_post_sidebar_id":"","_kad_post_content_style":"","_kad_post_vertical_padding":"","_kad_post_feature":"","_kad_post_feature_position":"","_kad_post_header":false,"_kad_post_footer":false,"footnotes":"","_tec_slr_enabled":"","_tec_slr_layout":""},"class_list":["post-547","page","type-page","status-publish","hentry"],"yoast_head":"<!-- This site is optimized with the Yoast SEO plugin v26.5 - https:\/\/yoast.com\/wordpress\/plugins\/seo\/ -->\n<title>L&#039;HYPNOSE, UN ETAT NATUREL - MONADEZEN\u00ae %<\/title>\n<meta name=\"robots\" content=\"noindex, follow, max-snippet:-1, max-image-preview:large, max-video-preview:-1\" \/>\n<meta property=\"og:locale\" content=\"fr_FR\" \/>\n<meta property=\"og:type\" content=\"article\" \/>\n<meta property=\"og:title\" content=\"L&#039;HYPNOSE, UN ETAT NATUREL - MONADEZEN\u00ae %\" \/>\n<meta property=\"og:description\" content=\"Nous vivons TOUS des \u00e9tats hypnotiques au quotidien, naturels et spontan\u00e9s. Vous \u00eates vous d\u00e9j\u00e0 demand\u00e9 ce qui se passait au niveau de votre cerveau et votre corps avant de...\" \/>\n<meta property=\"og:url\" content=\"https:\/\/monadezen.com\/index.php\/lhypnose-un-etat-connu-par-tous\/\" \/>\n<meta property=\"og:site_name\" content=\"MONADEZEN\u00ae\" \/>\n<meta property=\"og:image\" content=\"https:\/\/monadezen.com\/wp-content\/uploads\/2019\/06\/2011-09-06_IMG_1785-1.jpg\" \/>\n\t<meta property=\"og:image:width\" content=\"2048\" \/>\n\t<meta property=\"og:image:height\" content=\"1536\" \/>\n\t<meta property=\"og:image:type\" content=\"image\/jpeg\" \/>\n<meta name=\"twitter:card\" content=\"summary_large_image\" \/>\n<meta name=\"twitter:label1\" content=\"Dur\u00e9e de lecture estim\u00e9e\" \/>\n\t<meta name=\"twitter:data1\" content=\"1 minute\" \/>\n<script type=\"application\/ld+json\" class=\"yoast-schema-graph\">{\"@context\":\"https:\/\/schema.org\",\"@graph\":[{\"@type\":\"WebPage\",\"@id\":\"https:\/\/monadezen.com\/index.php\/lhypnose-un-etat-connu-par-tous\/\",\"url\":\"https:\/\/monadezen.com\/index.php\/lhypnose-un-etat-connu-par-tous\/\",\"name\":\"L'HYPNOSE, UN ETAT NATUREL - MONADEZEN\u00ae %\",\"isPartOf\":{\"@id\":\"https:\/\/monadezen.com\/#website\"},\"primaryImageOfPage\":{\"@id\":\"https:\/\/monadezen.com\/index.php\/lhypnose-un-etat-connu-par-tous\/#primaryimage\"},\"image\":{\"@id\":\"https:\/\/monadezen.com\/index.php\/lhypnose-un-etat-connu-par-tous\/#primaryimage\"},\"thumbnailUrl\":\"http:\/\/hypnolympe.com\/wp-content\/uploads\/2019\/06\/2011-09-06_IMG_1785-1-1024x768.jpg\",\"datePublished\":\"2019-06-14T06:36:56+00:00\",\"breadcrumb\":{\"@id\":\"https:\/\/monadezen.com\/index.php\/lhypnose-un-etat-connu-par-tous\/#breadcrumb\"},\"inLanguage\":\"fr-FR\",\"potentialAction\":[{\"@type\":\"ReadAction\",\"target\":[\"https:\/\/monadezen.com\/index.php\/lhypnose-un-etat-connu-par-tous\/\"]}]},{\"@type\":\"ImageObject\",\"inLanguage\":\"fr-FR\",\"@id\":\"https:\/\/monadezen.com\/index.php\/lhypnose-un-etat-connu-par-tous\/#primaryimage\",\"url\":\"http:\/\/hypnolympe.com\/wp-content\/uploads\/2019\/06\/2011-09-06_IMG_1785-1-1024x768.jpg\",\"contentUrl\":\"http:\/\/hypnolympe.com\/wp-content\/uploads\/2019\/06\/2011-09-06_IMG_1785-1-1024x768.jpg\"},{\"@type\":\"BreadcrumbList\",\"@id\":\"https:\/\/monadezen.com\/index.php\/lhypnose-un-etat-connu-par-tous\/#breadcrumb\",\"itemListElement\":[{\"@type\":\"ListItem\",\"position\":1,\"name\":\"Accueil\",\"item\":\"https:\/\/monadezen.com\/\"},{\"@type\":\"ListItem\",\"position\":2,\"name\":\"L&rsquo;HYPNOSE, UN ETAT NATUREL\"}]},{\"@type\":\"WebSite\",\"@id\":\"https:\/\/monadezen.com\/#website\",\"url\":\"https:\/\/monadezen.com\/\",\"name\":\"MONADEZEN\",\"description\":\"Chaque foul\u00e9e lib\u00e8re votre ADN, Chaque victoire c\u00e9l\u00e8bre votre \u00e9panouissement\",\"publisher\":{\"@id\":\"https:\/\/monadezen.com\/#\/schema\/person\/d4c0d0f9b390e2001dc2f2e8e2d2bbba\"},\"potentialAction\":[{\"@type\":\"SearchAction\",\"target\":{\"@type\":\"EntryPoint\",\"urlTemplate\":\"https:\/\/monadezen.com\/?s={search_term_string}\"},\"query-input\":{\"@type\":\"PropertyValueSpecification\",\"valueRequired\":true,\"valueName\":\"search_term_string\"}}],\"inLanguage\":\"fr-FR\"},{\"@type\":[\"Person\",\"Organization\"],\"@id\":\"https:\/\/monadezen.com\/#\/schema\/person\/d4c0d0f9b390e2001dc2f2e8e2d2bbba\",\"name\":\"Nathalie monadezen\",\"image\":{\"@type\":\"ImageObject\",\"inLanguage\":\"fr-FR\",\"@id\":\"https:\/\/monadezen.com\/#\/schema\/person\/image\/\",\"url\":\"https:\/\/monadezen.com\/wp-content\/uploads\/2025\/12\/cropped-Logo-MONADEZEN-3b-Logo-Nom-Tagline.png\",\"contentUrl\":\"https:\/\/monadezen.com\/wp-content\/uploads\/2025\/12\/cropped-Logo-MONADEZEN-3b-Logo-Nom-Tagline.png\",\"width\":500,\"height\":476,\"caption\":\"Nathalie monadezen\"},\"logo\":{\"@id\":\"https:\/\/monadezen.com\/#\/schema\/person\/image\/\"},\"sameAs\":[\"https:\/\/monadezen.com\/\"]}]}<\/script>\n<!-- \/ Yoast SEO plugin. -->","yoast_head_json":{"title":"L'HYPNOSE, UN ETAT NATUREL - MONADEZEN\u00ae %","robots":{"index":"noindex","follow":"follow","max-snippet":"max-snippet:-1","max-image-preview":"max-image-preview:large","max-video-preview":"max-video-preview:-1"},"og_locale":"fr_FR","og_type":"article","og_title":"L'HYPNOSE, UN ETAT NATUREL - MONADEZEN\u00ae %","og_description":"Nous vivons TOUS des \u00e9tats hypnotiques au quotidien, naturels et spontan\u00e9s. Vous \u00eates vous d\u00e9j\u00e0 demand\u00e9 ce qui se passait au niveau de votre cerveau et votre corps avant de...","og_url":"https:\/\/monadezen.com\/index.php\/lhypnose-un-etat-connu-par-tous\/","og_site_name":"MONADEZEN\u00ae","og_image":[{"width":2048,"height":1536,"url":"https:\/\/monadezen.com\/wp-content\/uploads\/2019\/06\/2011-09-06_IMG_1785-1.jpg","type":"image\/jpeg"}],"twitter_card":"summary_large_image","twitter_misc":{"Dur\u00e9e de lecture estim\u00e9e":"1 minute"},"schema":{"@context":"https:\/\/schema.org","@graph":[{"@type":"WebPage","@id":"https:\/\/monadezen.com\/index.php\/lhypnose-un-etat-connu-par-tous\/","url":"https:\/\/monadezen.com\/index.php\/lhypnose-un-etat-connu-par-tous\/","name":"L'HYPNOSE, UN ETAT NATUREL - MONADEZEN\u00ae %","isPartOf":{"@id":"https:\/\/monadezen.com\/#website"},"primaryImageOfPage":{"@id":"https:\/\/monadezen.com\/index.php\/lhypnose-un-etat-connu-par-tous\/#primaryimage"},"image":{"@id":"https:\/\/monadezen.com\/index.php\/lhypnose-un-etat-connu-par-tous\/#primaryimage"},"thumbnailUrl":"http:\/\/hypnolympe.com\/wp-content\/uploads\/2019\/06\/2011-09-06_IMG_1785-1-1024x768.jpg","datePublished":"2019-06-14T06:36:56+00:00","breadcrumb":{"@id":"https:\/\/monadezen.com\/index.php\/lhypnose-un-etat-connu-par-tous\/#breadcrumb"},"inLanguage":"fr-FR","potentialAction":[{"@type":"ReadAction","target":["https:\/\/monadezen.com\/index.php\/lhypnose-un-etat-connu-par-tous\/"]}]},{"@type":"ImageObject","inLanguage":"fr-FR","@id":"https:\/\/monadezen.com\/index.php\/lhypnose-un-etat-connu-par-tous\/#primaryimage","url":"http:\/\/hypnolympe.com\/wp-content\/uploads\/2019\/06\/2011-09-06_IMG_1785-1-1024x768.jpg","contentUrl":"http:\/\/hypnolympe.com\/wp-content\/uploads\/2019\/06\/2011-09-06_IMG_1785-1-1024x768.jpg"},{"@type":"BreadcrumbList","@id":"https:\/\/monadezen.com\/index.php\/lhypnose-un-etat-connu-par-tous\/#breadcrumb","itemListElement":[{"@type":"ListItem","position":1,"name":"Accueil","item":"https:\/\/monadezen.com\/"},{"@type":"ListItem","position":2,"name":"L&rsquo;HYPNOSE, UN ETAT NATUREL"}]},{"@type":"WebSite","@id":"https:\/\/monadezen.com\/#website","url":"https:\/\/monadezen.com\/","name":"MONADEZEN","description":"Chaque foul\u00e9e lib\u00e8re votre ADN, Chaque victoire c\u00e9l\u00e8bre votre \u00e9panouissement","publisher":{"@id":"https:\/\/monadezen.com\/#\/schema\/person\/d4c0d0f9b390e2001dc2f2e8e2d2bbba"},"potentialAction":[{"@type":"SearchAction","target":{"@type":"EntryPoint","urlTemplate":"https:\/\/monadezen.com\/?s={search_term_string}"},"query-input":{"@type":"PropertyValueSpecification","valueRequired":true,"valueName":"search_term_string"}}],"inLanguage":"fr-FR"},{"@type":["Person","Organization"],"@id":"https:\/\/monadezen.com\/#\/schema\/person\/d4c0d0f9b390e2001dc2f2e8e2d2bbba","name":"Nathalie monadezen","image":{"@type":"ImageObject","inLanguage":"fr-FR","@id":"https:\/\/monadezen.com\/#\/schema\/person\/image\/","url":"https:\/\/monadezen.com\/wp-content\/uploads\/2025\/12\/cropped-Logo-MONADEZEN-3b-Logo-Nom-Tagline.png","contentUrl":"https:\/\/monadezen.com\/wp-content\/uploads\/2025\/12\/cropped-Logo-MONADEZEN-3b-Logo-Nom-Tagline.png","width":500,"height":476,"caption":"Nathalie monadezen"},"logo":{"@id":"https:\/\/monadezen.com\/#\/schema\/person\/image\/"},"sameAs":["https:\/\/monadezen.com\/"]}]}},"ticketed":false,"_links":{"self":[{"href":"https:\/\/monadezen.com\/index.php\/wp-json\/wp\/v2\/pages\/547","targetHints":{"allow":["GET"]}}],"collection":[{"href":"https:\/\/monadezen.com\/index.php\/wp-json\/wp\/v2\/pages"}],"about":[{"href":"https:\/\/monadezen.com\/index.php\/wp-json\/wp\/v2\/types\/page"}],"author":[{"embeddable":true,"href":"https:\/\/monadezen.com\/index.php\/wp-json\/wp\/v2\/users\/2"}],"replies":[{"embeddable":true,"href":"https:\/\/monadezen.com\/index.php\/wp-json\/wp\/v2\/comments?post=547"}],"version-history":[{"count":0,"href":"https:\/\/monadezen.com\/index.php\/wp-json\/wp\/v2\/pages\/547\/revisions"}],"wp:attachment":[{"href":"https:\/\/monadezen.com\/index.php\/wp-json\/wp\/v2\/media?parent=547"}],"curies":[{"name":"wp","href":"https:\/\/api.w.org\/{rel}","templated":true}]}}