{"id":339,"date":"2019-05-07T16:58:10","date_gmt":"2019-05-07T14:58:10","guid":{"rendered":"http:\/\/hypnolympe.com\/?page_id=339"},"modified":"2019-05-07T16:58:10","modified_gmt":"2019-05-07T14:58:10","slug":"home-2","status":"publish","type":"page","link":"https:\/\/monadezen.com\/index.php\/home-2\/","title":{"rendered":"HYPNOLYMPE, EXPERT EN HYPNOSE ET SOPHROLOGIE"},"content":{"rendered":"\t\t<div data-elementor-type=\"wp-post\" data-elementor-id=\"339\" class=\"elementor elementor-339\">\n\t\t\t\t\t\t<section class=\"elementor-section elementor-top-section elementor-element elementor-element-570add8f elementor-section-boxed elementor-section-height-default elementor-section-height-default\" data-id=\"570add8f\" data-element_type=\"section\">\n\t\t\t\t\t\t<div class=\"elementor-container elementor-column-gap-default\">\n\t\t\t\t\t<div class=\"elementor-column elementor-col-100 elementor-top-column elementor-element elementor-element-2f3797ee\" data-id=\"2f3797ee\" data-element_type=\"column\">\n\t\t\t<div class=\"elementor-widget-wrap elementor-element-populated\">\n\t\t\t\t\t\t<div class=\"elementor-element elementor-element-4d1dfc71 elementor-widget elementor-widget-text-editor\" data-id=\"4d1dfc71\" data-element_type=\"widget\" data-widget_type=\"text-editor.default\">\n\t\t\t\t<div class=\"elementor-widget-container\">\n\t\t\t\t\t\t\t\t\t<p><\/p>\n<p>La vie faisant et le quotidien nous happant, nous oublions \u00e0 un moment donn\u00e9, simplement, qui nous sommes. Et c\u2019est souvent l\u00e0 que certains probl\u00e8mes symptomatiques apparaissent et s\u2019installent \u00e0 notre insu.<\/p>\n<p><\/p>\n<p><\/p>\n<p><strong>Le Cabinet HypnOlympe a pour objectif de r\u00e9tablir en chacun de vous la symbiose naturelle entre l\u2019Esprit et le Corps.<\/strong><\/p>\n<p><\/p>\n<p><\/p>\n<p>Pour ce faire, l\u2019Hypnose Ericksonienne combin\u00e9e \u00e0 la Sophrologie Cayc\u00e9dienne sont des outils th\u00e9rapeutiques de pr\u00e9dilection qui respectent en tout point l\u2019\u00e9cologie interne de tout \u00e0 chacun. L\u2019objectif \u00e9tant de puiser dans ses propres ressources pour d\u00e9bloquer ces sympt\u00f4mes probl\u00e9matiques.<\/p>\n<p><\/p>\n<p><\/p>\n<p>Les Dieux Grecs avaient bien cern\u00e9 ce pr\u00e9cepte d\u2019\u00e9quilibre interne. En effet, ils prenaient le temps de se ressourcer r\u00e9guli\u00e8rement au sein du fameux Mont Olympe afin d\u2019accomplir parfaitement leurs r\u00f4les respectifs.<\/p>\n<p><\/p>\n<p><\/p>\n<p>L\u2019expression: \u00ab \u00catre d\u2019un calme Olympien \u00bb prend maintenant tout sons sens, n\u2019est-ce pas? Elle refl\u00e8te parfaitement un calme noble et serein, face \u00e0 des situations particuli\u00e8rement difficiles \u00e0 g\u00e9rer.<\/p>\n<p><\/p>\n<p><\/p>\n<p>Finalement, n\u2019est-ce pas ce que l\u2019on souhaite tous, pour nous m\u00eame, notre entourage &amp; nos amis.<\/p>\n<p><\/p>\n<p><\/p>\n<p><\/p>\n<p><p>[iheu_ultimate_oxi id=&#8221;4&#8243;]<\/p>\n<\/p>\n<p><\/p>\n<h2 class=\"wp-block-heading\">HypnOlympe, vous garanti un accompagnement efficace<\/h2>\n<p><\/p>\n<p><\/p>\n<blockquote class=\"is-layout-flow wp-block-quote-is-layout-flow\">\n<p><strong>EXPERTISE SCIENTIFIQUE<\/strong><\/p>\n<p><cite>Ing\u00e9nieur en Biologie, Sophrologue et Ma\u00eetre Praticienne en Hypnose, mon expertise scientifique sera une valeur incontournable tout au long de votre accompagnement. <\/cite><\/p>\n<\/blockquote>\n<p><\/p>\n<p><\/p>\n<blockquote class=\"is-layout-flow wp-block-quote-is-layout-flow\">\n<p><strong>ECOUTE BIENVEILLANTE<\/strong><\/p>\n<p><cite> Je vous propose un accompagnement personnalis\u00e9 et adapt\u00e9 \u00e0 votre besoin. Les bienfaits du travail th\u00e9rapeutiques sont possibles quand la confiance est mutuelle. <\/cite><\/p>\n<\/blockquote>\n<p><\/p>\n<p><\/p>\n<blockquote class=\"is-layout-flow wp-block-quote-is-layout-flow\">\n<p><strong>POSITIVISME<\/strong><\/p>\n<p><cite> Je vous aide, au fur et \u00e0 mesure de l&#8217;accompagnement, de reprendre en main votre vie. Le verre ne sera plus ni \u00e0 moiti\u00e9 vide ni \u00e0 moiti\u00e9 plein&#8230;il sera simplement rempli de vos ressources qui font de vous ce que vous \u00eates intrins\u00e8quement.<\/cite><\/p>\n<\/blockquote>\n<p><\/p>\n<p><\/p>\n<p><\/p>\n<p><\/p>\n<h2 class=\"wp-block-heading\">HypnOlympe, vous accompagne<\/h2>\n<p><\/p>\n<p><\/p>\n<p>[iheu_ultimate_oxi id=&#8221;3&#8243;]<\/p>\n<p><\/p>\n<p><\/p>\n<h2 class=\"wp-block-heading\">HypnOlympe, ses champs d&#8217;intervention<\/h2>\n<p><\/p>\n<p><\/p>\n<p>Nous avons tous la capacit\u00e9 \u00e0 faire face aux adversit\u00e9s de la vie, transformer la douleur en force motrice pour se surpasser et en sortir fortifi\u00e9. HypnOlympe vous guide \u00e0 devenir l\u2019architecte de votre propre destin.<\/p>\n<p>[iheu_ultimate_oxi id=&#8221;8&#8243;]<\/p>\n<p><\/p>\n<p><\/p>\n<p><\/p>\t\t\t\t\t\t\t\t<\/div>\n\t\t\t\t<\/div>\n\t\t\t\t<div class=\"elementor-element elementor-element-362389f elementor-widget elementor-widget-text-editor\" data-id=\"362389f\" data-element_type=\"widget\" data-widget_type=\"text-editor.default\">\n\t\t\t\t<div class=\"elementor-widget-container\">\n\t\t\t\t\t\t\t\t\t<div><em>Toute reproduction des pr\u00e9sentes et toute diffusion, totale ou partielle, sous quelque forme que ce soit, sont strictement interdites.\u00a0<\/em><em>La copie et la diffusion illicite de contenus prot\u00e9g\u00e9s par copyright sont des d\u00e9lits sanctionn\u00e9s par la loi. L\u2019<a href=\"http:\/\/www.legifrance.gouv.fr\/affichCodeArticle.do;jsessionid=40C6832E6DEDE438B256AEE4520C57F0.tpdjo17v_3?cidTexte=LEGITEXT000006069414&amp;idArticle=LEGIARTI000006279171&amp;dateTexte=20081224&amp;categorieLien=id\">article L335-2<\/a>\u00a0du Code de la propri\u00e9t\u00e9 intellectuelle sanctionne la contrefa\u00e7on d&#8217;ouvrages de 3 ans d\u2019emprisonnement et de 300.000 \u20ac d\u2019amende.<\/em><br \/><br \/><\/div>\t\t\t\t\t\t\t\t<\/div>\n\t\t\t\t<\/div>\n\t\t\t\t\t<\/div>\n\t\t<\/div>\n\t\t\t\t\t<\/div>\n\t\t<\/section>\n\t\t\t\t<\/div>\n\t\t","protected":false},"excerpt":{"rendered":"<p>La vie faisant et le quotidien nous happant, nous oublions \u00e0 un moment donn\u00e9, simplement, qui nous sommes. Et c\u2019est souvent l\u00e0 que certains probl\u00e8mes symptomatiques apparaissent et s\u2019installent \u00e0&#8230;<\/p>\n","protected":false},"author":2,"featured_media":0,"parent":0,"menu_order":0,"comment_status":"closed","ping_status":"closed","template":"","meta":{"_price":"","_stock":"","_tribe_ticket_header":"","_tribe_default_ticket_provider":"","_tribe_ticket_capacity":"0","_ticket_start_date":"","_ticket_end_date":"","_tribe_ticket_show_description":"","_tribe_ticket_show_not_going":false,"_tribe_ticket_use_global_stock":"","_tribe_ticket_global_stock_level":"","_global_stock_mode":"","_global_stock_cap":"","_tribe_rsvp_for_event":"","_tribe_ticket_going_count":"","_tribe_ticket_not_going_count":"","_tribe_tickets_list":"[]","_tribe_ticket_has_attendee_info_fields":false,"_EventAllDay":false,"_EventTimezone":"","_EventStartDate":"","_EventEndDate":"","_EventStartDateUTC":"","_EventEndDateUTC":"","_EventShowMap":false,"_EventShowMapLink":false,"_EventURL":"","_EventCost":"","_EventCostDescription":"","_EventCurrencySymbol":"","_EventCurrencyCode":"","_EventCurrencyPosition":"","_EventDateTimeSeparator":"","_EventTimeRangeSeparator":"","_EventOrganizerID":[],"_EventVenueID":[],"_OrganizerEmail":"","_OrganizerPhone":"","_OrganizerWebsite":"","_VenueAddress":"","_VenueCity":"","_VenueCountry":"","_VenueProvince":"","_VenueState":"","_VenueZip":"","_VenuePhone":"","_VenueURL":"","_VenueStateProvince":"","_VenueLat":"","_VenueLng":"","_VenueShowMap":false,"_VenueShowMapLink":false,"_kad_post_transparent":"","_kad_post_title":"","_kad_post_layout":"","_kad_post_sidebar_id":"","_kad_post_content_style":"","_kad_post_vertical_padding":"","_kad_post_feature":"","_kad_post_feature_position":"","_kad_post_header":false,"_kad_post_footer":false,"footnotes":"","_tec_slr_enabled":"","_tec_slr_layout":""},"class_list":["post-339","page","type-page","status-publish","hentry"],"yoast_head":"<!-- This site is optimized with the Yoast SEO plugin v26.5 - https:\/\/yoast.com\/wordpress\/plugins\/seo\/ -->\n<title>HYPNOLYMPE, EXPERT EN HYPNOSE ET SOPHROLOGIE - MONADEZEN\u00ae %<\/title>\n<meta name=\"robots\" content=\"noindex, follow, max-snippet:-1, max-image-preview:large, max-video-preview:-1\" \/>\n<meta property=\"og:locale\" content=\"fr_FR\" \/>\n<meta property=\"og:type\" content=\"article\" \/>\n<meta property=\"og:title\" content=\"HYPNOLYMPE, EXPERT EN HYPNOSE ET SOPHROLOGIE - MONADEZEN\u00ae %\" \/>\n<meta property=\"og:description\" content=\"La vie faisant et le quotidien nous happant, nous oublions \u00e0 un moment donn\u00e9, simplement, qui nous sommes. Et c\u2019est souvent l\u00e0 que certains probl\u00e8mes symptomatiques apparaissent et s\u2019installent \u00e0...\" \/>\n<meta property=\"og:url\" content=\"https:\/\/monadezen.com\/index.php\/home-2\/\" \/>\n<meta property=\"og:site_name\" content=\"MONADEZEN\u00ae\" \/>\n<meta property=\"og:image\" content=\"https:\/\/monadezen.com\/wp-content\/uploads\/2025\/05\/Logo_dans_Titre-removebg-preview.png\" \/>\n\t<meta property=\"og:image:width\" content=\"500\" \/>\n\t<meta property=\"og:image:height\" content=\"500\" \/>\n\t<meta property=\"og:image:type\" content=\"image\/png\" \/>\n<meta name=\"twitter:card\" content=\"summary_large_image\" \/>\n<meta name=\"twitter:label1\" content=\"Dur\u00e9e de lecture estim\u00e9e\" \/>\n\t<meta name=\"twitter:data1\" content=\"3 minutes\" \/>\n<script type=\"application\/ld+json\" class=\"yoast-schema-graph\">{\"@context\":\"https:\/\/schema.org\",\"@graph\":[{\"@type\":\"WebPage\",\"@id\":\"https:\/\/monadezen.com\/index.php\/home-2\/\",\"url\":\"https:\/\/monadezen.com\/index.php\/home-2\/\",\"name\":\"HYPNOLYMPE, EXPERT EN HYPNOSE ET SOPHROLOGIE - MONADEZEN\u00ae %\",\"isPartOf\":{\"@id\":\"https:\/\/monadezen.com\/#website\"},\"datePublished\":\"2019-05-07T14:58:10+00:00\",\"breadcrumb\":{\"@id\":\"https:\/\/monadezen.com\/index.php\/home-2\/#breadcrumb\"},\"inLanguage\":\"fr-FR\",\"potentialAction\":[{\"@type\":\"ReadAction\",\"target\":[\"https:\/\/monadezen.com\/index.php\/home-2\/\"]}]},{\"@type\":\"BreadcrumbList\",\"@id\":\"https:\/\/monadezen.com\/index.php\/home-2\/#breadcrumb\",\"itemListElement\":[{\"@type\":\"ListItem\",\"position\":1,\"name\":\"Accueil\",\"item\":\"https:\/\/monadezen.com\/\"},{\"@type\":\"ListItem\",\"position\":2,\"name\":\"HYPNOLYMPE, EXPERT EN HYPNOSE ET SOPHROLOGIE\"}]},{\"@type\":\"WebSite\",\"@id\":\"https:\/\/monadezen.com\/#website\",\"url\":\"https:\/\/monadezen.com\/\",\"name\":\"MONADEZEN\",\"description\":\"Chaque foul\u00e9e lib\u00e8re votre ADN, Chaque victoire c\u00e9l\u00e8bre votre \u00e9panouissement\",\"publisher\":{\"@id\":\"https:\/\/monadezen.com\/#\/schema\/person\/d4c0d0f9b390e2001dc2f2e8e2d2bbba\"},\"potentialAction\":[{\"@type\":\"SearchAction\",\"target\":{\"@type\":\"EntryPoint\",\"urlTemplate\":\"https:\/\/monadezen.com\/?s={search_term_string}\"},\"query-input\":{\"@type\":\"PropertyValueSpecification\",\"valueRequired\":true,\"valueName\":\"search_term_string\"}}],\"inLanguage\":\"fr-FR\"},{\"@type\":[\"Person\",\"Organization\"],\"@id\":\"https:\/\/monadezen.com\/#\/schema\/person\/d4c0d0f9b390e2001dc2f2e8e2d2bbba\",\"name\":\"Nathalie monadezen\",\"image\":{\"@type\":\"ImageObject\",\"inLanguage\":\"fr-FR\",\"@id\":\"https:\/\/monadezen.com\/#\/schema\/person\/image\/\",\"url\":\"https:\/\/monadezen.com\/wp-content\/uploads\/2025\/12\/cropped-Logo-MONADEZEN-3b-Logo-Nom-Tagline.png\",\"contentUrl\":\"https:\/\/monadezen.com\/wp-content\/uploads\/2025\/12\/cropped-Logo-MONADEZEN-3b-Logo-Nom-Tagline.png\",\"width\":500,\"height\":476,\"caption\":\"Nathalie monadezen\"},\"logo\":{\"@id\":\"https:\/\/monadezen.com\/#\/schema\/person\/image\/\"},\"sameAs\":[\"https:\/\/monadezen.com\/\"]}]}<\/script>\n<!-- \/ Yoast SEO plugin. -->","yoast_head_json":{"title":"HYPNOLYMPE, EXPERT EN HYPNOSE ET SOPHROLOGIE - MONADEZEN\u00ae %","robots":{"index":"noindex","follow":"follow","max-snippet":"max-snippet:-1","max-image-preview":"max-image-preview:large","max-video-preview":"max-video-preview:-1"},"og_locale":"fr_FR","og_type":"article","og_title":"HYPNOLYMPE, EXPERT EN HYPNOSE ET SOPHROLOGIE - MONADEZEN\u00ae %","og_description":"La vie faisant et le quotidien nous happant, nous oublions \u00e0 un moment donn\u00e9, simplement, qui nous sommes. Et c\u2019est souvent l\u00e0 que certains probl\u00e8mes symptomatiques apparaissent et s\u2019installent \u00e0...","og_url":"https:\/\/monadezen.com\/index.php\/home-2\/","og_site_name":"MONADEZEN\u00ae","og_image":[{"width":500,"height":500,"url":"https:\/\/monadezen.com\/wp-content\/uploads\/2025\/05\/Logo_dans_Titre-removebg-preview.png","type":"image\/png"}],"twitter_card":"summary_large_image","twitter_misc":{"Dur\u00e9e de lecture estim\u00e9e":"3 minutes"},"schema":{"@context":"https:\/\/schema.org","@graph":[{"@type":"WebPage","@id":"https:\/\/monadezen.com\/index.php\/home-2\/","url":"https:\/\/monadezen.com\/index.php\/home-2\/","name":"HYPNOLYMPE, EXPERT EN HYPNOSE ET SOPHROLOGIE - MONADEZEN\u00ae %","isPartOf":{"@id":"https:\/\/monadezen.com\/#website"},"datePublished":"2019-05-07T14:58:10+00:00","breadcrumb":{"@id":"https:\/\/monadezen.com\/index.php\/home-2\/#breadcrumb"},"inLanguage":"fr-FR","potentialAction":[{"@type":"ReadAction","target":["https:\/\/monadezen.com\/index.php\/home-2\/"]}]},{"@type":"BreadcrumbList","@id":"https:\/\/monadezen.com\/index.php\/home-2\/#breadcrumb","itemListElement":[{"@type":"ListItem","position":1,"name":"Accueil","item":"https:\/\/monadezen.com\/"},{"@type":"ListItem","position":2,"name":"HYPNOLYMPE, EXPERT EN HYPNOSE ET SOPHROLOGIE"}]},{"@type":"WebSite","@id":"https:\/\/monadezen.com\/#website","url":"https:\/\/monadezen.com\/","name":"MONADEZEN","description":"Chaque foul\u00e9e lib\u00e8re votre ADN, Chaque victoire c\u00e9l\u00e8bre votre \u00e9panouissement","publisher":{"@id":"https:\/\/monadezen.com\/#\/schema\/person\/d4c0d0f9b390e2001dc2f2e8e2d2bbba"},"potentialAction":[{"@type":"SearchAction","target":{"@type":"EntryPoint","urlTemplate":"https:\/\/monadezen.com\/?s={search_term_string}"},"query-input":{"@type":"PropertyValueSpecification","valueRequired":true,"valueName":"search_term_string"}}],"inLanguage":"fr-FR"},{"@type":["Person","Organization"],"@id":"https:\/\/monadezen.com\/#\/schema\/person\/d4c0d0f9b390e2001dc2f2e8e2d2bbba","name":"Nathalie monadezen","image":{"@type":"ImageObject","inLanguage":"fr-FR","@id":"https:\/\/monadezen.com\/#\/schema\/person\/image\/","url":"https:\/\/monadezen.com\/wp-content\/uploads\/2025\/12\/cropped-Logo-MONADEZEN-3b-Logo-Nom-Tagline.png","contentUrl":"https:\/\/monadezen.com\/wp-content\/uploads\/2025\/12\/cropped-Logo-MONADEZEN-3b-Logo-Nom-Tagline.png","width":500,"height":476,"caption":"Nathalie monadezen"},"logo":{"@id":"https:\/\/monadezen.com\/#\/schema\/person\/image\/"},"sameAs":["https:\/\/monadezen.com\/"]}]}},"ticketed":false,"_links":{"self":[{"href":"https:\/\/monadezen.com\/index.php\/wp-json\/wp\/v2\/pages\/339","targetHints":{"allow":["GET"]}}],"collection":[{"href":"https:\/\/monadezen.com\/index.php\/wp-json\/wp\/v2\/pages"}],"about":[{"href":"https:\/\/monadezen.com\/index.php\/wp-json\/wp\/v2\/types\/page"}],"author":[{"embeddable":true,"href":"https:\/\/monadezen.com\/index.php\/wp-json\/wp\/v2\/users\/2"}],"replies":[{"embeddable":true,"href":"https:\/\/monadezen.com\/index.php\/wp-json\/wp\/v2\/comments?post=339"}],"version-history":[{"count":0,"href":"https:\/\/monadezen.com\/index.php\/wp-json\/wp\/v2\/pages\/339\/revisions"}],"wp:attachment":[{"href":"https:\/\/monadezen.com\/index.php\/wp-json\/wp\/v2\/media?parent=339"}],"curies":[{"name":"wp","href":"https:\/\/api.w.org\/{rel}","templated":true}]}}