{"id":2735,"date":"2018-04-05T21:28:28","date_gmt":"2018-04-05T19:28:28","guid":{"rendered":"http:\/\/hypnolympe.com\/?page_id=8"},"modified":"2024-09-27T12:10:36","modified_gmt":"2024-09-27T10:10:36","slug":"a-propos-de","status":"publish","type":"page","link":"https:\/\/monadezen.com\/index.php\/a-propos-de\/","title":{"rendered":"Pr\u00e9sentation hypnose Ericksonienne"},"content":{"rendered":"\t\t<div data-elementor-type=\"wp-post\" data-elementor-id=\"2735\" class=\"elementor elementor-2735\">\n\t\t\t\t\t\t<section class=\"elementor-section elementor-top-section elementor-element elementor-element-5719f51c elementor-section-boxed elementor-section-height-default elementor-section-height-default\" data-id=\"5719f51c\" data-element_type=\"section\">\n\t\t\t\t\t\t<div class=\"elementor-container elementor-column-gap-default\">\n\t\t\t\t\t<div class=\"elementor-column elementor-col-100 elementor-top-column elementor-element elementor-element-2f1dc068\" data-id=\"2f1dc068\" data-element_type=\"column\">\n\t\t\t<div class=\"elementor-widget-wrap elementor-element-populated\">\n\t\t\t\t\t\t<div class=\"elementor-element elementor-element-7e14ac64 elementor-widget elementor-widget-text-editor\" data-id=\"7e14ac64\" data-element_type=\"widget\" data-widget_type=\"text-editor.default\">\n\t\t\t\t<div class=\"elementor-widget-container\">\n\t\t\t\t\t\t\t\t\t<p>Dans la mythologie grec, Hypnos \u00e9tait le dieu du sommeil, p\u00e8re de Morph\u00e9e. La l\u00e9gende raconte qu&#8217;il pouvait endormir aussi bien les Hommes que les Dieux, tel que Zeus, ma\u00eetre de l&#8217;Olympe. Hypnos est donc l&#8217;embl\u00e8me de l&#8217;apaisement et du sommeil r\u00e9parateur.<\/p>\n<p>Les scientifiques du XXI i\u00e8me si\u00e8cle, ont d\u00e9montr\u00e9, via l&#8217;\u00e9tude du connectome, que le processus hypnotique n&#8217;induit pas d&#8217;\u00e9tat de sommeil mais plut\u00f4t un \u00e9tat de conscience modifi\u00e9 et activ\u00e9.<\/p>\n<p>Ainsi, nous parlerons de plus en plus de Technique d&#8217;Activation de Conscience, permettant \u00e0 chacun d&#8217;aller puiser activement, et non passivement, dans ses propres ressources pour permettre de trouver les solutions aux probl\u00e9matiques rencontr\u00e9s.<\/p>\n<p>Par cons\u00e9quent, l&#8217;hypnose d&#8217;aujourd&#8217;hui se rapproche beaucoup plus du dieu Janus qui impulsait la transition du pass\u00e9 vers le futur et dynamisait l&#8217;ouverture des portes de la vie.<\/p>\n<p>[iheu_ultimate_oxi id=&#8221;14&#8243;]<\/p>\t\t\t\t\t\t\t\t<\/div>\n\t\t\t\t<\/div>\n\t\t\t\t<div class=\"elementor-element elementor-element-e6880ed elementor-widget elementor-widget-text-editor\" data-id=\"e6880ed\" data-element_type=\"widget\" data-widget_type=\"text-editor.default\">\n\t\t\t\t<div class=\"elementor-widget-container\">\n\t\t\t\t\t\t\t\t\t<blockquote>\n<p><strong>DEMYSTIFIONS L&#8217;HYPNOSE!<br \/><\/strong><\/p>\n<p>Nous vivons TOUS des \u00e9tats hypnotiques au quotidien de fa\u00e7on naturels et spontan\u00e9s.<\/p>\n<p>L&#8217;Hypnose de Spectacle n&#8217;est pas de l&#8217;hypnose th\u00e9rapeutique !!!<\/p>\n<p>Vous gardez le contr\u00f4le gr\u00e2ce aux m\u00e9canismes de survie de votre inconscient !&#8230; Sinon vous imaginez bien que les braqueurs auraient depuis tant d&#8217;ann\u00e9es d\u00e9velopp\u00e9s leurs attaques, non pas \u00e0 mains arm\u00e9es, mais juste au d\u00e9tour d&#8217;un regard \ud83d\ude09<\/p>\n<p>\u00a0<\/p>\n<\/blockquote>\t\t\t\t\t\t\t\t<\/div>\n\t\t\t\t<\/div>\n\t\t\t\t<div class=\"elementor-element elementor-element-94457c1 elementor-widget elementor-widget-text-editor\" data-id=\"94457c1\" data-element_type=\"widget\" data-widget_type=\"text-editor.default\">\n\t\t\t\t<div class=\"elementor-widget-container\">\n\t\t\t\t\t\t\t\t\t<p><strong>L&#8217;HYPNOSE ERICKSONIENNE<br><\/strong><\/p>\t\t\t\t\t\t\t\t<\/div>\n\t\t\t\t<\/div>\n\t\t\t\t<div class=\"elementor-element elementor-element-b4e58c6 elementor-widget elementor-widget-text-editor\" data-id=\"b4e58c6\" data-element_type=\"widget\" data-widget_type=\"text-editor.default\">\n\t\t\t\t<div class=\"elementor-widget-container\">\n\t\t\t\t\t\t\t\t\t<p>L\u2019Hypnose Ericksonienne est la plus ancienne technique d\u2019hypnose. Elle est bas\u00e9e sur le postulat que toute solution est en nous et que notre inconscient dispose des ressources n\u00e9cessaires pour solutionner toutes les probl\u00e9matiques.<\/p>\n<p>Les avis sur l\u2019Hypnose Ericksonienne sont unanimes : elle donne \u00e0 notre inconscient la possibilit\u00e9 de faire son travail d\u2019une mani\u00e8re naturelle.<\/p>\t\t\t\t\t\t\t\t<\/div>\n\t\t\t\t<\/div>\n\t\t\t\t<div class=\"elementor-element elementor-element-a27a79f elementor-widget elementor-widget-text-editor\" data-id=\"a27a79f\" data-element_type=\"widget\" data-widget_type=\"text-editor.default\">\n\t\t\t\t<div class=\"elementor-widget-container\">\n\t\t\t\t\t\t\t\t\t<p><\/p>\n<p>[iheu_ultimate_oxi id=&#8221;15&#8243;]<\/p>\n<p><b><i>Vous voyez, chacun a pu faire l\u2019exp\u00e9rience d\u2019un \u00e9tat de conscience modifi\u00e9e qui se trouve entre la veille et le sommeil.<\/i><\/b><\/p>\n<p><\/p>\n<blockquote class=\"is-layout-flow wp-block-quote-is-layout-flow\">\n<p><strong>PRATIQUEZ L&#8217;HYPNOSE EN TOUTE CONFIANCE AVEC UN THERAPEUTE<br \/><\/strong><\/p>\n<p>c\u2019est simplement reproduire intentionnellement cet \u00e9tat de conscience avec un objectif th\u00e9rapeutique d\u00e9fini.<\/p>\n<\/blockquote>\n<p><\/p>\t\t\t\t\t\t\t\t<\/div>\n\t\t\t\t<\/div>\n\t\t\t\t<div class=\"elementor-element elementor-element-208f27c elementor-widget elementor-widget-text-editor\" data-id=\"208f27c\" data-element_type=\"widget\" data-widget_type=\"text-editor.default\">\n\t\t\t\t<div class=\"elementor-widget-container\">\n\t\t\t\t\t\t\t\t\t<p><\/p>\n<blockquote class=\"wp-block-quote\">\n<p><strong>Ton conscient est intelligent, mais \u00e0 c\u00f4t\u00e9 de ton inconscient, il est stupide!<br \/><\/strong><\/p>\n<p><cite> Milton Erikson <\/cite><\/p>\n<\/blockquote>\n<p><\/p>\n<ul class=\"wp-block-gallery columns-1 is-cropped wp-block-gallery-2 is-layout-flex wp-block-gallery-is-layout-flex\">\n<li class=\"blocks-gallery-item\">\u00a0<\/li>\n<\/ul>\n<p><\/p>\t\t\t\t\t\t\t\t<\/div>\n\t\t\t\t<\/div>\n\t\t\t\t\t<\/div>\n\t\t<\/div>\n\t\t\t\t\t<\/div>\n\t\t<\/section>\n\t\t\t\t<\/div>\n\t\t","protected":false},"excerpt":{"rendered":"<p>Dans la mythologie grec, Hypnos \u00e9tait le dieu du sommeil, p\u00e8re de Morph\u00e9e. La l\u00e9gende raconte qu&#8217;il pouvait endormir aussi bien les Hommes que les Dieux, tel que Zeus, ma\u00eetre&#8230;<\/p>\n","protected":false},"author":2,"featured_media":0,"parent":0,"menu_order":0,"comment_status":"closed","ping_status":"closed","template":"","meta":{"_price":"","_stock":"","_tribe_ticket_header":"","_tribe_default_ticket_provider":"","_tribe_ticket_capacity":"0","_ticket_start_date":"","_ticket_end_date":"","_tribe_ticket_show_description":"","_tribe_ticket_show_not_going":false,"_tribe_ticket_use_global_stock":"","_tribe_ticket_global_stock_level":"","_global_stock_mode":"","_global_stock_cap":"","_tribe_rsvp_for_event":"","_tribe_ticket_going_count":"","_tribe_ticket_not_going_count":"","_tribe_tickets_list":"[]","_tribe_ticket_has_attendee_info_fields":false,"_EventAllDay":false,"_EventTimezone":"","_EventStartDate":"","_EventEndDate":"","_EventStartDateUTC":"","_EventEndDateUTC":"","_EventShowMap":false,"_EventShowMapLink":false,"_EventURL":"","_EventCost":"","_EventCostDescription":"","_EventCurrencySymbol":"","_EventCurrencyCode":"","_EventCurrencyPosition":"","_EventDateTimeSeparator":"","_EventTimeRangeSeparator":"","_EventOrganizerID":[],"_EventVenueID":[],"_OrganizerEmail":"","_OrganizerPhone":"","_OrganizerWebsite":"","_VenueAddress":"","_VenueCity":"","_VenueCountry":"","_VenueProvince":"","_VenueState":"","_VenueZip":"","_VenuePhone":"","_VenueURL":"","_VenueStateProvince":"","_VenueLat":"","_VenueLng":"","_VenueShowMap":false,"_VenueShowMapLink":false,"_kad_post_transparent":"","_kad_post_title":"","_kad_post_layout":"","_kad_post_sidebar_id":"","_kad_post_content_style":"","_kad_post_vertical_padding":"","_kad_post_feature":"","_kad_post_feature_position":"","_kad_post_header":false,"_kad_post_footer":false,"footnotes":"","_tec_slr_enabled":"","_tec_slr_layout":""},"class_list":["post-2735","page","type-page","status-publish","hentry"],"yoast_head":"<!-- This site is optimized with the Yoast SEO plugin v26.5 - https:\/\/yoast.com\/wordpress\/plugins\/seo\/ -->\n<title>Pr\u00e9sentation hypnose Ericksonienne - MONADEZEN\u00ae %<\/title>\n<meta name=\"robots\" content=\"noindex, follow, max-snippet:-1, max-image-preview:large, max-video-preview:-1\" \/>\n<meta property=\"og:locale\" content=\"fr_FR\" \/>\n<meta property=\"og:type\" content=\"article\" \/>\n<meta property=\"og:title\" content=\"Pr\u00e9sentation hypnose Ericksonienne - MONADEZEN\u00ae %\" \/>\n<meta property=\"og:description\" content=\"Dans la mythologie grec, Hypnos \u00e9tait le dieu du sommeil, p\u00e8re de Morph\u00e9e. La l\u00e9gende raconte qu&#8217;il pouvait endormir aussi bien les Hommes que les Dieux, tel que Zeus, ma\u00eetre...\" \/>\n<meta property=\"og:url\" content=\"https:\/\/monadezen.com\/index.php\/a-propos-de\/\" \/>\n<meta property=\"og:site_name\" content=\"MONADEZEN\u00ae\" \/>\n<meta property=\"article:modified_time\" content=\"2024-09-27T10:10:36+00:00\" \/>\n<meta property=\"og:image\" content=\"https:\/\/monadezen.com\/wp-content\/uploads\/2025\/05\/Logo_dans_Titre-removebg-preview.png\" \/>\n\t<meta property=\"og:image:width\" content=\"500\" \/>\n\t<meta property=\"og:image:height\" content=\"500\" \/>\n\t<meta property=\"og:image:type\" content=\"image\/png\" \/>\n<meta name=\"twitter:card\" content=\"summary_large_image\" \/>\n<meta name=\"twitter:label1\" content=\"Dur\u00e9e de lecture estim\u00e9e\" \/>\n\t<meta name=\"twitter:data1\" content=\"3 minutes\" \/>\n<script type=\"application\/ld+json\" class=\"yoast-schema-graph\">{\"@context\":\"https:\/\/schema.org\",\"@graph\":[{\"@type\":\"WebPage\",\"@id\":\"https:\/\/monadezen.com\/index.php\/a-propos-de\/\",\"url\":\"https:\/\/monadezen.com\/index.php\/a-propos-de\/\",\"name\":\"Pr\u00e9sentation hypnose Ericksonienne - MONADEZEN\u00ae %\",\"isPartOf\":{\"@id\":\"https:\/\/monadezen.com\/#website\"},\"datePublished\":\"2018-04-05T19:28:28+00:00\",\"dateModified\":\"2024-09-27T10:10:36+00:00\",\"breadcrumb\":{\"@id\":\"https:\/\/monadezen.com\/index.php\/a-propos-de\/#breadcrumb\"},\"inLanguage\":\"fr-FR\",\"potentialAction\":[{\"@type\":\"ReadAction\",\"target\":[\"https:\/\/monadezen.com\/index.php\/a-propos-de\/\"]}]},{\"@type\":\"BreadcrumbList\",\"@id\":\"https:\/\/monadezen.com\/index.php\/a-propos-de\/#breadcrumb\",\"itemListElement\":[{\"@type\":\"ListItem\",\"position\":1,\"name\":\"Accueil\",\"item\":\"https:\/\/monadezen.com\/\"},{\"@type\":\"ListItem\",\"position\":2,\"name\":\"Pr\u00e9sentation hypnose Ericksonienne\"}]},{\"@type\":\"WebSite\",\"@id\":\"https:\/\/monadezen.com\/#website\",\"url\":\"https:\/\/monadezen.com\/\",\"name\":\"MONADEZEN\",\"description\":\"Chaque foul\u00e9e lib\u00e8re votre ADN, Chaque victoire c\u00e9l\u00e8bre votre \u00e9panouissement\",\"publisher\":{\"@id\":\"https:\/\/monadezen.com\/#\/schema\/person\/d4c0d0f9b390e2001dc2f2e8e2d2bbba\"},\"potentialAction\":[{\"@type\":\"SearchAction\",\"target\":{\"@type\":\"EntryPoint\",\"urlTemplate\":\"https:\/\/monadezen.com\/?s={search_term_string}\"},\"query-input\":{\"@type\":\"PropertyValueSpecification\",\"valueRequired\":true,\"valueName\":\"search_term_string\"}}],\"inLanguage\":\"fr-FR\"},{\"@type\":[\"Person\",\"Organization\"],\"@id\":\"https:\/\/monadezen.com\/#\/schema\/person\/d4c0d0f9b390e2001dc2f2e8e2d2bbba\",\"name\":\"Nathalie monadezen\",\"image\":{\"@type\":\"ImageObject\",\"inLanguage\":\"fr-FR\",\"@id\":\"https:\/\/monadezen.com\/#\/schema\/person\/image\/\",\"url\":\"https:\/\/monadezen.com\/wp-content\/uploads\/2025\/12\/cropped-Logo-MONADEZEN-3b-Logo-Nom-Tagline.png\",\"contentUrl\":\"https:\/\/monadezen.com\/wp-content\/uploads\/2025\/12\/cropped-Logo-MONADEZEN-3b-Logo-Nom-Tagline.png\",\"width\":500,\"height\":476,\"caption\":\"Nathalie monadezen\"},\"logo\":{\"@id\":\"https:\/\/monadezen.com\/#\/schema\/person\/image\/\"},\"sameAs\":[\"https:\/\/monadezen.com\/\"]}]}<\/script>\n<!-- \/ Yoast SEO plugin. -->","yoast_head_json":{"title":"Pr\u00e9sentation hypnose Ericksonienne - MONADEZEN\u00ae %","robots":{"index":"noindex","follow":"follow","max-snippet":"max-snippet:-1","max-image-preview":"max-image-preview:large","max-video-preview":"max-video-preview:-1"},"og_locale":"fr_FR","og_type":"article","og_title":"Pr\u00e9sentation hypnose Ericksonienne - MONADEZEN\u00ae %","og_description":"Dans la mythologie grec, Hypnos \u00e9tait le dieu du sommeil, p\u00e8re de Morph\u00e9e. La l\u00e9gende raconte qu&#8217;il pouvait endormir aussi bien les Hommes que les Dieux, tel que Zeus, ma\u00eetre...","og_url":"https:\/\/monadezen.com\/index.php\/a-propos-de\/","og_site_name":"MONADEZEN\u00ae","article_modified_time":"2024-09-27T10:10:36+00:00","og_image":[{"width":500,"height":500,"url":"https:\/\/monadezen.com\/wp-content\/uploads\/2025\/05\/Logo_dans_Titre-removebg-preview.png","type":"image\/png"}],"twitter_card":"summary_large_image","twitter_misc":{"Dur\u00e9e de lecture estim\u00e9e":"3 minutes"},"schema":{"@context":"https:\/\/schema.org","@graph":[{"@type":"WebPage","@id":"https:\/\/monadezen.com\/index.php\/a-propos-de\/","url":"https:\/\/monadezen.com\/index.php\/a-propos-de\/","name":"Pr\u00e9sentation hypnose Ericksonienne - MONADEZEN\u00ae %","isPartOf":{"@id":"https:\/\/monadezen.com\/#website"},"datePublished":"2018-04-05T19:28:28+00:00","dateModified":"2024-09-27T10:10:36+00:00","breadcrumb":{"@id":"https:\/\/monadezen.com\/index.php\/a-propos-de\/#breadcrumb"},"inLanguage":"fr-FR","potentialAction":[{"@type":"ReadAction","target":["https:\/\/monadezen.com\/index.php\/a-propos-de\/"]}]},{"@type":"BreadcrumbList","@id":"https:\/\/monadezen.com\/index.php\/a-propos-de\/#breadcrumb","itemListElement":[{"@type":"ListItem","position":1,"name":"Accueil","item":"https:\/\/monadezen.com\/"},{"@type":"ListItem","position":2,"name":"Pr\u00e9sentation hypnose Ericksonienne"}]},{"@type":"WebSite","@id":"https:\/\/monadezen.com\/#website","url":"https:\/\/monadezen.com\/","name":"MONADEZEN","description":"Chaque foul\u00e9e lib\u00e8re votre ADN, Chaque victoire c\u00e9l\u00e8bre votre \u00e9panouissement","publisher":{"@id":"https:\/\/monadezen.com\/#\/schema\/person\/d4c0d0f9b390e2001dc2f2e8e2d2bbba"},"potentialAction":[{"@type":"SearchAction","target":{"@type":"EntryPoint","urlTemplate":"https:\/\/monadezen.com\/?s={search_term_string}"},"query-input":{"@type":"PropertyValueSpecification","valueRequired":true,"valueName":"search_term_string"}}],"inLanguage":"fr-FR"},{"@type":["Person","Organization"],"@id":"https:\/\/monadezen.com\/#\/schema\/person\/d4c0d0f9b390e2001dc2f2e8e2d2bbba","name":"Nathalie monadezen","image":{"@type":"ImageObject","inLanguage":"fr-FR","@id":"https:\/\/monadezen.com\/#\/schema\/person\/image\/","url":"https:\/\/monadezen.com\/wp-content\/uploads\/2025\/12\/cropped-Logo-MONADEZEN-3b-Logo-Nom-Tagline.png","contentUrl":"https:\/\/monadezen.com\/wp-content\/uploads\/2025\/12\/cropped-Logo-MONADEZEN-3b-Logo-Nom-Tagline.png","width":500,"height":476,"caption":"Nathalie monadezen"},"logo":{"@id":"https:\/\/monadezen.com\/#\/schema\/person\/image\/"},"sameAs":["https:\/\/monadezen.com\/"]}]}},"ticketed":false,"_links":{"self":[{"href":"https:\/\/monadezen.com\/index.php\/wp-json\/wp\/v2\/pages\/2735","targetHints":{"allow":["GET"]}}],"collection":[{"href":"https:\/\/monadezen.com\/index.php\/wp-json\/wp\/v2\/pages"}],"about":[{"href":"https:\/\/monadezen.com\/index.php\/wp-json\/wp\/v2\/types\/page"}],"author":[{"embeddable":true,"href":"https:\/\/monadezen.com\/index.php\/wp-json\/wp\/v2\/users\/2"}],"replies":[{"embeddable":true,"href":"https:\/\/monadezen.com\/index.php\/wp-json\/wp\/v2\/comments?post=2735"}],"version-history":[{"count":0,"href":"https:\/\/monadezen.com\/index.php\/wp-json\/wp\/v2\/pages\/2735\/revisions"}],"wp:attachment":[{"href":"https:\/\/monadezen.com\/index.php\/wp-json\/wp\/v2\/media?parent=2735"}],"curies":[{"name":"wp","href":"https:\/\/api.w.org\/{rel}","templated":true}]}}